{"id":5118,"date":"2022-11-14T09:01:05","date_gmt":"2022-11-14T07:01:05","guid":{"rendered":"https:\/\/www.seeblick-langenargen.de\/?page_id=5118"},"modified":"2025-11-02T13:36:29","modified_gmt":"2025-11-02T11:36:29","slug":"geschichte-gaestehaus-seeblick","status":"publish","type":"page","link":"https:\/\/www.seeblick-langenargen.de\/index.php\/geschichte-gaestehaus-seeblick\/","title":{"rendered":"Geschichte(n) von heute und anno dazumal"},"content":{"rendered":"<p style=\"text-align: center;\"><img decoding=\"async\" class=\"aligncenter\" src=\"https:\/\/www.seeblick-langenargen.de\/wp-content\/uploads\/2022\/02\/Koloriert_Seeaufnahme--703x1024.jpg\" alt=\"\" \/>Blick vom See aus vor der Uferaufsch\u00fcttung Mitte 60er Jahre<\/p>\n<h2 style=\"color: #ba0c49; font-size: 38px;\">G\u00e4stehaus &lt;&lt;Seeblick&gt;&gt; ein Haus und Name mit Tradition<\/h2>\n<p>Die Geschichte unserer Fremdenzimmervermietung reicht zur\u00fcck bis in Mitte der 1950er Jahre, als die Gro\u00dfeltern Paul und Emma Bockelmann mit viel Herzblut begannen, Ihr Haus umzubauen und zu vergr\u00f6\u00dfern, um Urlaubern ein Zuhause zu bieten. Damals war das Reisen noch etwas Besonderes, und die Anspr\u00fcche waren bescheidener &#8211; ein Zimmer mit fl.k.u.w.W. (flie\u00dfend kalt und warm Wasser) galt schon als echter Komfort. Alles war famili\u00e4rer, pers\u00f6nlicher und gem\u00fctlicher. Man teilte sich das Bad, lernte sich kennen und aus G\u00e4sten wurden nicht selten Freunde.<\/p>\n<p>Die Tage verliefen langsamer, die Sommer schienen endlos, und viele blieben drei oder gar vier Wochen. Unser G\u00e4ste wurden liebevoll &#8222;Sommerfrischler&#8220; genannt &#8211; ein Wort, das heute fast vergessen ist, aber so treffend beschreibt, was die Zeit ausmacht: Erholung, Leichtigkeit und das pure Gl\u00fcck, den Sommer am See zu genie\u00dfen.<\/p>\n<p style=\"text-align: center;\"><img fetchpriority=\"high\" decoding=\"async\" class=\"aligncenter\" src=\"https:\/\/www.seeblick-langenargen.de\/wp-content\/uploads\/2023\/01\/Alte-Hausansicht-2-768x489.jpg\" sizes=\"(max-width: 768px) 100vw, 768px\" srcset=\"https:\/\/www.seeblick-langenargen.de\/wp-content\/uploads\/2023\/01\/Alte-Hausansicht-2-768x489.jpg 768w, https:\/\/www.seeblick-langenargen.de\/wp-content\/uploads\/2023\/01\/Alte-Hausansicht-2-300x191.jpg 300w, https:\/\/www.seeblick-langenargen.de\/wp-content\/uploads\/2023\/01\/Alte-Hausansicht-2-1024x652.jpg 1024w, https:\/\/www.seeblick-langenargen.de\/wp-content\/uploads\/2023\/01\/Alte-Hausansicht-2-1536x977.jpg 1536w, https:\/\/www.seeblick-langenargen.de\/wp-content\/uploads\/2023\/01\/Alte-Hausansicht-2-600x382.jpg 600w, https:\/\/www.seeblick-langenargen.de\/wp-content\/uploads\/2023\/01\/Alte-Hausansicht-2.jpg 1584w\" alt=\"\" width=\"768\" height=\"489\" \/>Mitte der 50er Jahre mit eigenem Seeufer<\/p>\n<p style=\"font-size: 18px;\">Doch auch Langenargen blieb vom Wandel der Zeit nicht unber\u00fchrt. Im Jahr 1976 beschloss die Gemeinde, das <a href=\"https:\/\/www.tourismus-langenargen.de\/erleben\/highlights\/uferpromenade\">Ufer<\/a> zwischen dem damaligen Kur-Hotel (heute Hotel Seeterrasse) und dem Gondelhafen aufzusch\u00fctten, um den Menschen den direkten Zugang zum See zu erm\u00f6glichen. Diese Ver\u00e4nderung hat das Ortsbild und unser Leben am See nachhaltig gepr\u00e4gt.<\/p>\n<p>Nat\u00fcrlich blicken wir mit etwas Wehmut auf jene Zeit zur\u00fcck, als man noch den kleinen eigenen Strand vor der T\u00fcr hatte. Doch mit der neu gewonnenen Lebendigkeit des Ortes kamen auch viele sch\u00f6ne Seiten hinzu &#8211; und den Verlust unseres Seezugangs konnten wir durch den Bau unseres Schwimmbades ein St\u00fcck weit wettmachen. So verbindet sich heute Alt und Neu, Erinnerung und Gegenwart &#8211; und die Geschichte unserer Familie lebt in jedem Sommer weiter.<\/p>\n<p style=\"text-align: center;\"><img decoding=\"async\" class=\"aligncenter\" src=\"https:\/\/www.seeblick-langenargen.de\/wp-content\/uploads\/2023\/12\/Ostansicht-ObereSeestr_18_kleiner-2-768x561.jpg\" sizes=\"(max-width: 768px) 100vw, 768px\" srcset=\"https:\/\/www.seeblick-langenargen.de\/wp-content\/uploads\/2023\/12\/Ostansicht-ObereSeestr_18_kleiner-2-768x561.jpg 768w, https:\/\/www.seeblick-langenargen.de\/wp-content\/uploads\/2023\/12\/Ostansicht-ObereSeestr_18_kleiner-2-300x219.jpg 300w, https:\/\/www.seeblick-langenargen.de\/wp-content\/uploads\/2023\/12\/Ostansicht-ObereSeestr_18_kleiner-2-1024x748.jpg 1024w, https:\/\/www.seeblick-langenargen.de\/wp-content\/uploads\/2023\/12\/Ostansicht-ObereSeestr_18_kleiner-2-1536x1122.jpg 1536w, https:\/\/www.seeblick-langenargen.de\/wp-content\/uploads\/2023\/12\/Ostansicht-ObereSeestr_18_kleiner-2-2048x1496.jpg 2048w, https:\/\/www.seeblick-langenargen.de\/wp-content\/uploads\/2023\/12\/Ostansicht-ObereSeestr_18_kleiner-2-600x438.jpg 600w\" alt=\"\" width=\"768\" height=\"561\" \/>Vor dem Ladenumbau ca. 1950<\/p>\n<h4>Renovierungen und Umbauten<\/h4>\n<p>Nachdem Mitte der 1980er Jahre alle Zimmer mit Dusche und WC ausgestattet worden waren, folgten danach dann weitere Umbauten und Modernisierungen. Dazu z\u00e4hlten unter anderem die Verglasung und Verbreiterung der sch\u00f6nen Seeterrasse sowie Errichtung eines Ferienappartements in den R\u00e4umen des ehemaligen Photostudios im Erdgeschoss zum See hin.<\/p>\n<p>Nach der Corona-Pandemie wurden schlie\u00dflich neue Pl\u00e4ne gefa\u00dft, um auch die G\u00e4stezimmer ohne Balkon noch attraktiver zu gestalten. Die Umbauarbeiten begannen im Winter 2023\/2024 und umfa\u00dften eine umfangreiche Neugestaltung mit dem Einbau gro\u00dfz\u00fcgiger Dachgauben in westlicher und \u00f6stlicher Richtung &#8211; ausgestattet mit gro\u00dfen Fenstern, Dachloggien und franz\u00f6sischem Balkon, die einen wunderbaren Blick \u00fcber den See erm\u00f6glichen.<\/p>\n<p>Zu Ostern 2024 durften wir schlie\u00dflich in eine neue Saison starten &#8211; mit frisch renovierten <a href=\"https:\/\/www.seeblick-langenargen.de\/index.php\/room\/doppelzimmer\/\">Zimmern<\/a>, neuer Behaglichkeit und dem vertrauten Gef\u00fchl von Zuhause am See.<\/p>\n<p>Wir freuen uns von Herzen, Sie &#8211; ob als treuen Stammgast oder als neuen Besucher &#8211; bei willkommen zu hei\u00dfen.<\/p>\n<p>Ihre Familie Bockelmann<\/p>\n","protected":false},"excerpt":{"rendered":"<p>Blick vom See aus vor der Uferaufsch\u00fcttung Mitte 60er Jahre G\u00e4stehaus &lt;&lt;Seeblick&gt;&gt; ein Haus und Name mit Tradition Die Geschichte unserer Fremdenzimmervermietung reicht zur\u00fcck bis in Mitte der 1950er Jahre, als die Gro\u00dfeltern Paul und Emma Bockelmann mit viel Herzblut begannen, Ihr Haus umzubauen und zu vergr\u00f6\u00dfern, um Urlaubern ein Zuhause zu bieten. Damals war [&hellip;]<\/p>\n","protected":false},"author":3,"featured_media":0,"parent":0,"menu_order":0,"comment_status":"closed","ping_status":"closed","template":"","meta":{"_monsterinsights_skip_tracking":false,"_monsterinsights_sitenote_active":false,"_monsterinsights_sitenote_note":"","_monsterinsights_sitenote_category":0,"footnotes":""},"yoast_head":"<!-- This site is optimized with the Yoast SEO plugin v22.8 - https:\/\/yoast.com\/wordpress\/plugins\/seo\/ -->\n<title>Geschichte(n) von heute und anno dazumal - G\u00e4stehaus Seeblick Langenargen<\/title>\n<meta name=\"description\" content=\"Erleben Sie echte Bodensee-Idylle in unseren liebevoll modernisierten G\u00e4stezimmern in Langenargen mit Seeblick. Familiengef\u00fchrt seit den 1960er-Jahren \u2013 mit Herz, Geschichte und modernem Komfort.\" \/>\n<meta name=\"robots\" content=\"index, follow, max-snippet:-1, max-image-preview:large, max-video-preview:-1\" \/>\n<link rel=\"canonical\" href=\"https:\/\/www.seeblick-langenargen.de\/index.php\/geschichte-gaestehaus-seeblick\/\" \/>\n<meta property=\"og:locale\" content=\"de_DE\" \/>\n<meta property=\"og:type\" content=\"article\" \/>\n<meta property=\"og:title\" content=\"Geschichte(n) von heute und anno dazumal - G\u00e4stehaus Seeblick Langenargen\" \/>\n<meta property=\"og:description\" content=\"Erleben Sie echte Bodensee-Idylle in unseren liebevoll modernisierten G\u00e4stezimmern in Langenargen mit Seeblick. Familiengef\u00fchrt seit den 1960er-Jahren \u2013 mit Herz, Geschichte und modernem Komfort.\" \/>\n<meta property=\"og:url\" content=\"https:\/\/www.seeblick-langenargen.de\/index.php\/geschichte-gaestehaus-seeblick\/\" \/>\n<meta property=\"og:site_name\" content=\"G\u00e4stehaus Seeblick Langenargen\" \/>\n<meta property=\"article:modified_time\" content=\"2025-11-02T11:36:29+00:00\" \/>\n<meta property=\"og:image\" content=\"https:\/\/www.seeblick-langenargen.de\/wp-content\/uploads\/2022\/02\/Koloriert_Seeaufnahme--703x1024.jpg\" \/>\n<meta name=\"twitter:card\" content=\"summary_large_image\" \/>\n<meta name=\"twitter:label1\" content=\"Gesch\u00e4tzte Lesezeit\" \/>\n\t<meta name=\"twitter:data1\" content=\"4 Minuten\" \/>\n<script type=\"application\/ld+json\" class=\"yoast-schema-graph\">{\"@context\":\"https:\/\/schema.org\",\"@graph\":[{\"@type\":\"WebPage\",\"@id\":\"https:\/\/www.seeblick-langenargen.de\/index.php\/geschichte-gaestehaus-seeblick\/\",\"url\":\"https:\/\/www.seeblick-langenargen.de\/index.php\/geschichte-gaestehaus-seeblick\/\",\"name\":\"Geschichte(n) von heute und anno dazumal - G\u00e4stehaus Seeblick Langenargen\",\"isPartOf\":{\"@id\":\"https:\/\/www.seeblick-langenargen.de\/#website\"},\"primaryImageOfPage\":{\"@id\":\"https:\/\/www.seeblick-langenargen.de\/index.php\/geschichte-gaestehaus-seeblick\/#primaryimage\"},\"image\":{\"@id\":\"https:\/\/www.seeblick-langenargen.de\/index.php\/geschichte-gaestehaus-seeblick\/#primaryimage\"},\"thumbnailUrl\":\"https:\/\/www.seeblick-langenargen.de\/wp-content\/uploads\/2022\/02\/Koloriert_Seeaufnahme--703x1024.jpg\",\"datePublished\":\"2022-11-14T07:01:05+00:00\",\"dateModified\":\"2025-11-02T11:36:29+00:00\",\"description\":\"Erleben Sie echte Bodensee-Idylle in unseren liebevoll modernisierten G\u00e4stezimmern in Langenargen mit Seeblick. Familiengef\u00fchrt seit den 1960er-Jahren \u2013 mit Herz, Geschichte und modernem Komfort.\",\"breadcrumb\":{\"@id\":\"https:\/\/www.seeblick-langenargen.de\/index.php\/geschichte-gaestehaus-seeblick\/#breadcrumb\"},\"inLanguage\":\"de-DE\",\"potentialAction\":[{\"@type\":\"ReadAction\",\"target\":[\"https:\/\/www.seeblick-langenargen.de\/index.php\/geschichte-gaestehaus-seeblick\/\"]}]},{\"@type\":\"ImageObject\",\"inLanguage\":\"de-DE\",\"@id\":\"https:\/\/www.seeblick-langenargen.de\/index.php\/geschichte-gaestehaus-seeblick\/#primaryimage\",\"url\":\"https:\/\/www.seeblick-langenargen.de\/wp-content\/uploads\/2022\/02\/Koloriert_Seeaufnahme-.jpg\",\"contentUrl\":\"https:\/\/www.seeblick-langenargen.de\/wp-content\/uploads\/2022\/02\/Koloriert_Seeaufnahme-.jpg\",\"width\":838,\"height\":1221},{\"@type\":\"BreadcrumbList\",\"@id\":\"https:\/\/www.seeblick-langenargen.de\/index.php\/geschichte-gaestehaus-seeblick\/#breadcrumb\",\"itemListElement\":[{\"@type\":\"ListItem\",\"position\":1,\"name\":\"Startseite\",\"item\":\"https:\/\/www.seeblick-langenargen.de\/\"},{\"@type\":\"ListItem\",\"position\":2,\"name\":\"Geschichte(n) von heute und anno dazumal\"}]},{\"@type\":\"WebSite\",\"@id\":\"https:\/\/www.seeblick-langenargen.de\/#website\",\"url\":\"https:\/\/www.seeblick-langenargen.de\/\",\"name\":\"G\u00e4stehaus Seeblick Langenargen\",\"description\":\"G\u00e4stehaus in Langenargen am Bodensee\",\"publisher\":{\"@id\":\"https:\/\/www.seeblick-langenargen.de\/#organization\"},\"potentialAction\":[{\"@type\":\"SearchAction\",\"target\":{\"@type\":\"EntryPoint\",\"urlTemplate\":\"https:\/\/www.seeblick-langenargen.de\/?s={search_term_string}\"},\"query-input\":\"required name=search_term_string\"}],\"inLanguage\":\"de-DE\"},{\"@type\":\"Organization\",\"@id\":\"https:\/\/www.seeblick-langenargen.de\/#organization\",\"name\":\"G\u00e4stehaus Seeblick\",\"url\":\"https:\/\/www.seeblick-langenargen.de\/\",\"logo\":{\"@type\":\"ImageObject\",\"inLanguage\":\"de-DE\",\"@id\":\"https:\/\/www.seeblick-langenargen.de\/#\/schema\/logo\/image\/\",\"url\":\"https:\/\/www.seeblick-langenargen.de\/wp-content\/uploads\/2021\/03\/474567efc6584080504dbd6a954a21e6.jpg\",\"contentUrl\":\"https:\/\/www.seeblick-langenargen.de\/wp-content\/uploads\/2021\/03\/474567efc6584080504dbd6a954a21e6.jpg\",\"width\":688,\"height\":422,\"caption\":\"G\u00e4stehaus Seeblick\"},\"image\":{\"@id\":\"https:\/\/www.seeblick-langenargen.de\/#\/schema\/logo\/image\/\"}}]}<\/script>\n<!-- \/ Yoast SEO plugin. -->","yoast_head_json":{"title":"Geschichte(n) von heute und anno dazumal - G\u00e4stehaus Seeblick Langenargen","description":"Erleben Sie echte Bodensee-Idylle in unseren liebevoll modernisierten G\u00e4stezimmern in Langenargen mit Seeblick. Familiengef\u00fchrt seit den 1960er-Jahren \u2013 mit Herz, Geschichte und modernem Komfort.","robots":{"index":"index","follow":"follow","max-snippet":"max-snippet:-1","max-image-preview":"max-image-preview:large","max-video-preview":"max-video-preview:-1"},"canonical":"https:\/\/www.seeblick-langenargen.de\/index.php\/geschichte-gaestehaus-seeblick\/","og_locale":"de_DE","og_type":"article","og_title":"Geschichte(n) von heute und anno dazumal - G\u00e4stehaus Seeblick Langenargen","og_description":"Erleben Sie echte Bodensee-Idylle in unseren liebevoll modernisierten G\u00e4stezimmern in Langenargen mit Seeblick. Familiengef\u00fchrt seit den 1960er-Jahren \u2013 mit Herz, Geschichte und modernem Komfort.","og_url":"https:\/\/www.seeblick-langenargen.de\/index.php\/geschichte-gaestehaus-seeblick\/","og_site_name":"G\u00e4stehaus Seeblick Langenargen","article_modified_time":"2025-11-02T11:36:29+00:00","og_image":[{"url":"https:\/\/www.seeblick-langenargen.de\/wp-content\/uploads\/2022\/02\/Koloriert_Seeaufnahme--703x1024.jpg"}],"twitter_card":"summary_large_image","twitter_misc":{"Gesch\u00e4tzte Lesezeit":"4 Minuten"},"schema":{"@context":"https:\/\/schema.org","@graph":[{"@type":"WebPage","@id":"https:\/\/www.seeblick-langenargen.de\/index.php\/geschichte-gaestehaus-seeblick\/","url":"https:\/\/www.seeblick-langenargen.de\/index.php\/geschichte-gaestehaus-seeblick\/","name":"Geschichte(n) von heute und anno dazumal - G\u00e4stehaus Seeblick Langenargen","isPartOf":{"@id":"https:\/\/www.seeblick-langenargen.de\/#website"},"primaryImageOfPage":{"@id":"https:\/\/www.seeblick-langenargen.de\/index.php\/geschichte-gaestehaus-seeblick\/#primaryimage"},"image":{"@id":"https:\/\/www.seeblick-langenargen.de\/index.php\/geschichte-gaestehaus-seeblick\/#primaryimage"},"thumbnailUrl":"https:\/\/www.seeblick-langenargen.de\/wp-content\/uploads\/2022\/02\/Koloriert_Seeaufnahme--703x1024.jpg","datePublished":"2022-11-14T07:01:05+00:00","dateModified":"2025-11-02T11:36:29+00:00","description":"Erleben Sie echte Bodensee-Idylle in unseren liebevoll modernisierten G\u00e4stezimmern in Langenargen mit Seeblick. Familiengef\u00fchrt seit den 1960er-Jahren \u2013 mit Herz, Geschichte und modernem Komfort.","breadcrumb":{"@id":"https:\/\/www.seeblick-langenargen.de\/index.php\/geschichte-gaestehaus-seeblick\/#breadcrumb"},"inLanguage":"de-DE","potentialAction":[{"@type":"ReadAction","target":["https:\/\/www.seeblick-langenargen.de\/index.php\/geschichte-gaestehaus-seeblick\/"]}]},{"@type":"ImageObject","inLanguage":"de-DE","@id":"https:\/\/www.seeblick-langenargen.de\/index.php\/geschichte-gaestehaus-seeblick\/#primaryimage","url":"https:\/\/www.seeblick-langenargen.de\/wp-content\/uploads\/2022\/02\/Koloriert_Seeaufnahme-.jpg","contentUrl":"https:\/\/www.seeblick-langenargen.de\/wp-content\/uploads\/2022\/02\/Koloriert_Seeaufnahme-.jpg","width":838,"height":1221},{"@type":"BreadcrumbList","@id":"https:\/\/www.seeblick-langenargen.de\/index.php\/geschichte-gaestehaus-seeblick\/#breadcrumb","itemListElement":[{"@type":"ListItem","position":1,"name":"Startseite","item":"https:\/\/www.seeblick-langenargen.de\/"},{"@type":"ListItem","position":2,"name":"Geschichte(n) von heute und anno dazumal"}]},{"@type":"WebSite","@id":"https:\/\/www.seeblick-langenargen.de\/#website","url":"https:\/\/www.seeblick-langenargen.de\/","name":"G\u00e4stehaus Seeblick Langenargen","description":"G\u00e4stehaus in Langenargen am Bodensee","publisher":{"@id":"https:\/\/www.seeblick-langenargen.de\/#organization"},"potentialAction":[{"@type":"SearchAction","target":{"@type":"EntryPoint","urlTemplate":"https:\/\/www.seeblick-langenargen.de\/?s={search_term_string}"},"query-input":"required name=search_term_string"}],"inLanguage":"de-DE"},{"@type":"Organization","@id":"https:\/\/www.seeblick-langenargen.de\/#organization","name":"G\u00e4stehaus Seeblick","url":"https:\/\/www.seeblick-langenargen.de\/","logo":{"@type":"ImageObject","inLanguage":"de-DE","@id":"https:\/\/www.seeblick-langenargen.de\/#\/schema\/logo\/image\/","url":"https:\/\/www.seeblick-langenargen.de\/wp-content\/uploads\/2021\/03\/474567efc6584080504dbd6a954a21e6.jpg","contentUrl":"https:\/\/www.seeblick-langenargen.de\/wp-content\/uploads\/2021\/03\/474567efc6584080504dbd6a954a21e6.jpg","width":688,"height":422,"caption":"G\u00e4stehaus Seeblick"},"image":{"@id":"https:\/\/www.seeblick-langenargen.de\/#\/schema\/logo\/image\/"}}]}},"_links":{"self":[{"href":"https:\/\/www.seeblick-langenargen.de\/index.php\/wp-json\/wp\/v2\/pages\/5118"}],"collection":[{"href":"https:\/\/www.seeblick-langenargen.de\/index.php\/wp-json\/wp\/v2\/pages"}],"about":[{"href":"https:\/\/www.seeblick-langenargen.de\/index.php\/wp-json\/wp\/v2\/types\/page"}],"author":[{"embeddable":true,"href":"https:\/\/www.seeblick-langenargen.de\/index.php\/wp-json\/wp\/v2\/users\/3"}],"replies":[{"embeddable":true,"href":"https:\/\/www.seeblick-langenargen.de\/index.php\/wp-json\/wp\/v2\/comments?post=5118"}],"version-history":[{"count":34,"href":"https:\/\/www.seeblick-langenargen.de\/index.php\/wp-json\/wp\/v2\/pages\/5118\/revisions"}],"predecessor-version":[{"id":7296,"href":"https:\/\/www.seeblick-langenargen.de\/index.php\/wp-json\/wp\/v2\/pages\/5118\/revisions\/7296"}],"wp:attachment":[{"href":"https:\/\/www.seeblick-langenargen.de\/index.php\/wp-json\/wp\/v2\/media?parent=5118"}],"curies":[{"name":"wp","href":"https:\/\/api.w.org\/{rel}","templated":true}]}}