{"id":4507,"date":"2021-03-08T14:42:28","date_gmt":"2021-03-08T14:42:28","guid":{"rendered":"https:\/\/seeblick.gpdcenter.com\/index.php\/agb\/"},"modified":"2023-11-26T13:39:37","modified_gmt":"2023-11-26T11:39:37","slug":"agb","status":"publish","type":"page","link":"https:\/\/www.seeblick-langenargen.de\/index.php\/agb\/","title":{"rendered":"AGB"},"content":{"rendered":"<h1>Allgemeine Buchungsbedingungen f\u00fcr Unterkunftsbuchung<\/h1>\n<p>Lieber Gast,<\/p>\n<p>der Abschluss des Gastaufnahmevertrags verpflichtet die Vertragspartner zur Erf\u00fcllung des Vertrags, gleichg\u00fcltig,<br \/>\nf\u00fcr welche Dauer der Vertrag abgeschlossen ist.<\/p>\n<h4>1. Vertragsschluss<\/h4>\n<p>Der Gastaufnahmevertrag ist abgeschlossen, sobald die Unterkunftsleistung bestellt (Buchung) und zugesagt<br \/>\n(Best\u00e4tigung) worden ist. F\u00fcr die Best\u00e4tigung ist sowohl die m\u00fcndliche, als auch die schriftliche Form bindend.<\/p>\n<h4>2. Preise und Leistungen<\/h4>\n<p>Die angegebenen Preise sind Endpreise. Sie schlie\u00dfen alle Nebenkosten ein, soweit nicht anders angegeben.<br \/>\nBesondere Bedingungen, die bei der Buchungsanfrage bzw. beim Vertragsschluss Ihnen zug\u00e4nglich sind,<br \/>\ngelten erg\u00e4nzend.<br \/>\nDie angegebenen Preise beinhalten keine Kurtaxe. Die orts\u00fcbliche Kurtaxe ist verpflichtend vor Ort zu<br \/>\nzahlen.<\/p>\n<h4>3. Stornierung\/R\u00fccktritt<\/h4>\n<h5>3.1 Allgemeine Regelungen<\/h5>\n<p>Wir empfehlen Ihnen den Abschluss einer Reiser\u00fccktrittskostenversicherung.<br \/>\nWir akzeptieren die folgenden R\u00fccktrittskonditionen. Abweichungen werden Ihnen gegebenenfalls bei<br \/>\nBuchung auf Ihrer Buchungsbest\u00e4tigung angegeben.<\/p>\n<h5>3.2 Stornokonditionen<\/h5>\n<p>Stornierungen bis 30 Tage vor Anreise sind kostenfrei m\u00f6glich, sp\u00e4tere<br \/>\nStornierungen werden mit 90% des Reisepreises berechnet.<br \/>\nBei Nichtantritt der Reise sind 90% des Reisepreises f\u00e4llig.<\/p>\n<p>Ausschlie\u00dflicher Gerichtsstand ist der Betriebsort.<\/p>\n","protected":false},"excerpt":{"rendered":"<p>Allgemeine Buchungsbedingungen f\u00fcr Unterkunftsbuchung Lieber Gast, der Abschluss des Gastaufnahmevertrags verpflichtet die Vertragspartner zur Erf\u00fcllung des Vertrags, gleichg\u00fcltig, f\u00fcr welche Dauer der Vertrag abgeschlossen ist. 1. Vertragsschluss Der Gastaufnahmevertrag ist abgeschlossen, sobald die Unterkunftsleistung bestellt (Buchung) und zugesagt (Best\u00e4tigung) worden ist. F\u00fcr die Best\u00e4tigung ist sowohl die m\u00fcndliche, als auch die schriftliche Form bindend. 2. [&hellip;]<\/p>\n","protected":false},"author":1,"featured_media":0,"parent":0,"menu_order":0,"comment_status":"closed","ping_status":"closed","template":"","meta":{"footnotes":""},"yoast_head":"<!-- This site is optimized with the Yoast SEO plugin v22.8 - https:\/\/yoast.com\/wordpress\/plugins\/seo\/ -->\n<title>AGB - G\u00e4stehaus Seeblick Langenargen<\/title>\n<meta name=\"robots\" content=\"index, follow, max-snippet:-1, max-image-preview:large, max-video-preview:-1\" \/>\n<link rel=\"canonical\" href=\"https:\/\/www.seeblick-langenargen.de\/index.php\/agb\/\" \/>\n<meta property=\"og:locale\" content=\"de_DE\" \/>\n<meta property=\"og:type\" content=\"article\" \/>\n<meta property=\"og:title\" content=\"AGB - G\u00e4stehaus Seeblick Langenargen\" \/>\n<meta property=\"og:description\" content=\"Allgemeine Buchungsbedingungen f\u00fcr Unterkunftsbuchung Lieber Gast, der Abschluss des Gastaufnahmevertrags verpflichtet die Vertragspartner zur Erf\u00fcllung des Vertrags, gleichg\u00fcltig, f\u00fcr welche Dauer der Vertrag abgeschlossen ist. 1. Vertragsschluss Der Gastaufnahmevertrag ist abgeschlossen, sobald die Unterkunftsleistung bestellt (Buchung) und zugesagt (Best\u00e4tigung) worden ist. F\u00fcr die Best\u00e4tigung ist sowohl die m\u00fcndliche, als auch die schriftliche Form bindend. 2. [&hellip;]\" \/>\n<meta property=\"og:url\" content=\"https:\/\/www.seeblick-langenargen.de\/index.php\/agb\/\" \/>\n<meta property=\"og:site_name\" content=\"G\u00e4stehaus Seeblick Langenargen\" \/>\n<meta property=\"article:modified_time\" content=\"2023-11-26T11:39:37+00:00\" \/>\n<meta name=\"twitter:card\" content=\"summary_large_image\" \/>\n<meta name=\"twitter:label1\" content=\"Gesch\u00e4tzte Lesezeit\" \/>\n\t<meta name=\"twitter:data1\" content=\"1 Minute\" \/>\n<script type=\"application\/ld+json\" class=\"yoast-schema-graph\">{\"@context\":\"https:\/\/schema.org\",\"@graph\":[{\"@type\":\"WebPage\",\"@id\":\"https:\/\/www.seeblick-langenargen.de\/index.php\/agb\/\",\"url\":\"https:\/\/www.seeblick-langenargen.de\/index.php\/agb\/\",\"name\":\"AGB - G\u00e4stehaus Seeblick Langenargen\",\"isPartOf\":{\"@id\":\"https:\/\/www.seeblick-langenargen.de\/#website\"},\"datePublished\":\"2021-03-08T14:42:28+00:00\",\"dateModified\":\"2023-11-26T11:39:37+00:00\",\"breadcrumb\":{\"@id\":\"https:\/\/www.seeblick-langenargen.de\/index.php\/agb\/#breadcrumb\"},\"inLanguage\":\"de-DE\",\"potentialAction\":[{\"@type\":\"ReadAction\",\"target\":[\"https:\/\/www.seeblick-langenargen.de\/index.php\/agb\/\"]}]},{\"@type\":\"BreadcrumbList\",\"@id\":\"https:\/\/www.seeblick-langenargen.de\/index.php\/agb\/#breadcrumb\",\"itemListElement\":[{\"@type\":\"ListItem\",\"position\":1,\"name\":\"Startseite\",\"item\":\"https:\/\/www.seeblick-langenargen.de\/\"},{\"@type\":\"ListItem\",\"position\":2,\"name\":\"AGB\"}]},{\"@type\":\"WebSite\",\"@id\":\"https:\/\/www.seeblick-langenargen.de\/#website\",\"url\":\"https:\/\/www.seeblick-langenargen.de\/\",\"name\":\"G\u00e4stehaus Seeblick Langenargen\",\"description\":\"G\u00e4stehaus in Langenargen am Bodensee\",\"publisher\":{\"@id\":\"https:\/\/www.seeblick-langenargen.de\/#organization\"},\"potentialAction\":[{\"@type\":\"SearchAction\",\"target\":{\"@type\":\"EntryPoint\",\"urlTemplate\":\"https:\/\/www.seeblick-langenargen.de\/?s={search_term_string}\"},\"query-input\":\"required name=search_term_string\"}],\"inLanguage\":\"de-DE\"},{\"@type\":\"Organization\",\"@id\":\"https:\/\/www.seeblick-langenargen.de\/#organization\",\"name\":\"G\u00e4stehaus Seeblick\",\"url\":\"https:\/\/www.seeblick-langenargen.de\/\",\"logo\":{\"@type\":\"ImageObject\",\"inLanguage\":\"de-DE\",\"@id\":\"https:\/\/www.seeblick-langenargen.de\/#\/schema\/logo\/image\/\",\"url\":\"https:\/\/www.seeblick-langenargen.de\/wp-content\/uploads\/2021\/03\/474567efc6584080504dbd6a954a21e6.jpg\",\"contentUrl\":\"https:\/\/www.seeblick-langenargen.de\/wp-content\/uploads\/2021\/03\/474567efc6584080504dbd6a954a21e6.jpg\",\"width\":688,\"height\":422,\"caption\":\"G\u00e4stehaus Seeblick\"},\"image\":{\"@id\":\"https:\/\/www.seeblick-langenargen.de\/#\/schema\/logo\/image\/\"}}]}<\/script>\n<!-- \/ Yoast SEO plugin. -->","yoast_head_json":{"title":"AGB - G\u00e4stehaus Seeblick Langenargen","robots":{"index":"index","follow":"follow","max-snippet":"max-snippet:-1","max-image-preview":"max-image-preview:large","max-video-preview":"max-video-preview:-1"},"canonical":"https:\/\/www.seeblick-langenargen.de\/index.php\/agb\/","og_locale":"de_DE","og_type":"article","og_title":"AGB - G\u00e4stehaus Seeblick Langenargen","og_description":"Allgemeine Buchungsbedingungen f\u00fcr Unterkunftsbuchung Lieber Gast, der Abschluss des Gastaufnahmevertrags verpflichtet die Vertragspartner zur Erf\u00fcllung des Vertrags, gleichg\u00fcltig, f\u00fcr welche Dauer der Vertrag abgeschlossen ist. 1. Vertragsschluss Der Gastaufnahmevertrag ist abgeschlossen, sobald die Unterkunftsleistung bestellt (Buchung) und zugesagt (Best\u00e4tigung) worden ist. F\u00fcr die Best\u00e4tigung ist sowohl die m\u00fcndliche, als auch die schriftliche Form bindend. 2. [&hellip;]","og_url":"https:\/\/www.seeblick-langenargen.de\/index.php\/agb\/","og_site_name":"G\u00e4stehaus Seeblick Langenargen","article_modified_time":"2023-11-26T11:39:37+00:00","twitter_card":"summary_large_image","twitter_misc":{"Gesch\u00e4tzte Lesezeit":"1 Minute"},"schema":{"@context":"https:\/\/schema.org","@graph":[{"@type":"WebPage","@id":"https:\/\/www.seeblick-langenargen.de\/index.php\/agb\/","url":"https:\/\/www.seeblick-langenargen.de\/index.php\/agb\/","name":"AGB - G\u00e4stehaus Seeblick Langenargen","isPartOf":{"@id":"https:\/\/www.seeblick-langenargen.de\/#website"},"datePublished":"2021-03-08T14:42:28+00:00","dateModified":"2023-11-26T11:39:37+00:00","breadcrumb":{"@id":"https:\/\/www.seeblick-langenargen.de\/index.php\/agb\/#breadcrumb"},"inLanguage":"de-DE","potentialAction":[{"@type":"ReadAction","target":["https:\/\/www.seeblick-langenargen.de\/index.php\/agb\/"]}]},{"@type":"BreadcrumbList","@id":"https:\/\/www.seeblick-langenargen.de\/index.php\/agb\/#breadcrumb","itemListElement":[{"@type":"ListItem","position":1,"name":"Startseite","item":"https:\/\/www.seeblick-langenargen.de\/"},{"@type":"ListItem","position":2,"name":"AGB"}]},{"@type":"WebSite","@id":"https:\/\/www.seeblick-langenargen.de\/#website","url":"https:\/\/www.seeblick-langenargen.de\/","name":"G\u00e4stehaus Seeblick Langenargen","description":"G\u00e4stehaus in Langenargen am Bodensee","publisher":{"@id":"https:\/\/www.seeblick-langenargen.de\/#organization"},"potentialAction":[{"@type":"SearchAction","target":{"@type":"EntryPoint","urlTemplate":"https:\/\/www.seeblick-langenargen.de\/?s={search_term_string}"},"query-input":"required name=search_term_string"}],"inLanguage":"de-DE"},{"@type":"Organization","@id":"https:\/\/www.seeblick-langenargen.de\/#organization","name":"G\u00e4stehaus Seeblick","url":"https:\/\/www.seeblick-langenargen.de\/","logo":{"@type":"ImageObject","inLanguage":"de-DE","@id":"https:\/\/www.seeblick-langenargen.de\/#\/schema\/logo\/image\/","url":"https:\/\/www.seeblick-langenargen.de\/wp-content\/uploads\/2021\/03\/474567efc6584080504dbd6a954a21e6.jpg","contentUrl":"https:\/\/www.seeblick-langenargen.de\/wp-content\/uploads\/2021\/03\/474567efc6584080504dbd6a954a21e6.jpg","width":688,"height":422,"caption":"G\u00e4stehaus Seeblick"},"image":{"@id":"https:\/\/www.seeblick-langenargen.de\/#\/schema\/logo\/image\/"}}]}},"_links":{"self":[{"href":"https:\/\/www.seeblick-langenargen.de\/index.php\/wp-json\/wp\/v2\/pages\/4507"}],"collection":[{"href":"https:\/\/www.seeblick-langenargen.de\/index.php\/wp-json\/wp\/v2\/pages"}],"about":[{"href":"https:\/\/www.seeblick-langenargen.de\/index.php\/wp-json\/wp\/v2\/types\/page"}],"author":[{"embeddable":true,"href":"https:\/\/www.seeblick-langenargen.de\/index.php\/wp-json\/wp\/v2\/users\/1"}],"replies":[{"embeddable":true,"href":"https:\/\/www.seeblick-langenargen.de\/index.php\/wp-json\/wp\/v2\/comments?post=4507"}],"version-history":[{"count":10,"href":"https:\/\/www.seeblick-langenargen.de\/index.php\/wp-json\/wp\/v2\/pages\/4507\/revisions"}],"predecessor-version":[{"id":6097,"href":"https:\/\/www.seeblick-langenargen.de\/index.php\/wp-json\/wp\/v2\/pages\/4507\/revisions\/6097"}],"wp:attachment":[{"href":"https:\/\/www.seeblick-langenargen.de\/index.php\/wp-json\/wp\/v2\/media?parent=4507"}],"curies":[{"name":"wp","href":"https:\/\/api.w.org\/{rel}","templated":true}]}}