{"id":31,"date":"2021-03-01T16:55:03","date_gmt":"2021-03-01T16:55:03","guid":{"rendered":"https:\/\/seeblick.gpdcenter.com\/?page_id=31"},"modified":"2021-03-16T09:26:55","modified_gmt":"2021-03-16T09:26:55","slug":"preise-buchung","status":"publish","type":"page","link":"https:\/\/www.seeblick-langenargen.de\/index.php\/preise-buchung\/","title":{"rendered":"Preise"},"content":{"rendered":"\t\t<div data-elementor-type=\"wp-page\" data-elementor-id=\"31\" class=\"elementor elementor-31\">\n\t\t\t\t\t\t<section class=\"elementor-section elementor-top-section elementor-element elementor-element-c402e4b qodef-elementor-content-grid elementor-section-boxed elementor-section-height-default elementor-section-height-default\" data-id=\"c402e4b\" data-element_type=\"section\">\n\t\t\t\t\t\t<div class=\"elementor-container elementor-column-gap-default\">\n\t\t\t\t\t<div class=\"elementor-column elementor-col-100 elementor-top-column elementor-element elementor-element-d7c765b\" data-id=\"d7c765b\" data-element_type=\"column\">\n\t\t\t<div class=\"elementor-widget-wrap elementor-element-populated\">\n\t\t\t\t\t\t<section class=\"elementor-section elementor-inner-section elementor-element elementor-element-c7f9d9a elementor-section-boxed elementor-section-height-default elementor-section-height-default qodef-elementor-content-no\" data-id=\"c7f9d9a\" data-element_type=\"section\">\n\t\t\t\t\t\t<div class=\"elementor-container elementor-column-gap-default\">\n\t\t\t\t\t<div class=\"elementor-column elementor-col-100 elementor-inner-column elementor-element elementor-element-8112032\" data-id=\"8112032\" data-element_type=\"column\">\n\t\t\t<div class=\"elementor-widget-wrap elementor-element-populated\">\n\t\t\t\t\t\t<div class=\"elementor-element elementor-element-0eefe77 elementor-widget elementor-widget-heading\" data-id=\"0eefe77\" data-element_type=\"widget\" data-widget_type=\"heading.default\">\n\t\t\t\t<div class=\"elementor-widget-container\">\n\t\t\t<h4 class=\"elementor-heading-title elementor-size-default\">Seesicht Doppelzimmer (2 Personen)<\/h4>\t\t<\/div>\n\t\t\t\t<\/div>\n\t\t\t\t<div class=\"elementor-element elementor-element-9187420 elementor-widget elementor-widget-text-editor\" data-id=\"9187420\" data-element_type=\"widget\" data-widget_type=\"text-editor.default\">\n\t\t\t\t<div class=\"elementor-widget-container\">\n\t\t\t\t\t\t\t<p><span style=\"background-color: #ffffff;\">ab 4 \u00dcbernachtungen<\/span><\/p>\t\t\t\t\t\t<\/div>\n\t\t\t\t<\/div>\n\t\t\t\t\t<\/div>\n\t\t<\/div>\n\t\t\t\t\t<\/div>\n\t\t<\/section>\n\t\t\t\t<section class=\"elementor-section elementor-inner-section elementor-element elementor-element-c7d22c8 elementor-section-boxed elementor-section-height-default elementor-section-height-default qodef-elementor-content-no\" data-id=\"c7d22c8\" data-element_type=\"section\">\n\t\t\t\t\t\t<div class=\"elementor-container elementor-column-gap-default\">\n\t\t\t\t\t<div class=\"elementor-column elementor-col-50 elementor-inner-column elementor-element elementor-element-b1171cf\" data-id=\"b1171cf\" data-element_type=\"column\">\n\t\t\t<div class=\"elementor-widget-wrap elementor-element-populated\">\n\t\t\t\t\t\t<div class=\"elementor-element elementor-element-3c4755c elementor-widget elementor-widget-text-editor\" data-id=\"3c4755c\" data-element_type=\"widget\" data-widget_type=\"text-editor.default\">\n\t\t\t\t<div class=\"elementor-widget-container\">\n\t\t\t\t\t\t\t<p>Hauptsaison<br \/>Nebensaison<\/p>\t\t\t\t\t\t<\/div>\n\t\t\t\t<\/div>\n\t\t\t\t\t<\/div>\n\t\t<\/div>\n\t\t\t\t<div class=\"elementor-column elementor-col-50 elementor-inner-column elementor-element elementor-element-c475f56\" data-id=\"c475f56\" data-element_type=\"column\">\n\t\t\t<div class=\"elementor-widget-wrap elementor-element-populated\">\n\t\t\t\t\t\t<div class=\"elementor-element elementor-element-8c65e9d elementor-widget elementor-widget-text-editor\" data-id=\"8c65e9d\" data-element_type=\"widget\" data-widget_type=\"text-editor.default\">\n\t\t\t\t<div class=\"elementor-widget-container\">\n\t\t\t\t\t\t\t<p>ab 65,&#8211; EURO pro Person<br \/>ab 59,&#8211; EURO pro Person<\/p>\t\t\t\t\t\t<\/div>\n\t\t\t\t<\/div>\n\t\t\t\t\t<\/div>\n\t\t<\/div>\n\t\t\t\t\t<\/div>\n\t\t<\/section>\n\t\t\t\t<section class=\"elementor-section elementor-inner-section elementor-element elementor-element-3a980dd elementor-section-boxed elementor-section-height-default elementor-section-height-default qodef-elementor-content-no\" data-id=\"3a980dd\" data-element_type=\"section\">\n\t\t\t\t\t\t<div class=\"elementor-container elementor-column-gap-default\">\n\t\t\t\t\t<div class=\"elementor-column elementor-col-100 elementor-inner-column elementor-element elementor-element-c278794\" data-id=\"c278794\" data-element_type=\"column\">\n\t\t\t<div class=\"elementor-widget-wrap elementor-element-populated\">\n\t\t\t\t\t\t<div class=\"elementor-element elementor-element-f9c5c40 elementor-widget elementor-widget-heading\" data-id=\"f9c5c40\" data-element_type=\"widget\" data-widget_type=\"heading.default\">\n\t\t\t\t<div class=\"elementor-widget-container\">\n\t\t\t<h4 class=\"elementor-heading-title elementor-size-default\">Standard Doppelzimmer (2 Personen)<\/h4>\t\t<\/div>\n\t\t\t\t<\/div>\n\t\t\t\t<div class=\"elementor-element elementor-element-bbaf990 elementor-widget elementor-widget-text-editor\" data-id=\"bbaf990\" data-element_type=\"widget\" data-widget_type=\"text-editor.default\">\n\t\t\t\t<div class=\"elementor-widget-container\">\n\t\t\t\t\t\t\t<p><span style=\"background-color: #ffffff;\">ab 4 \u00dcbernachtungen<\/span><\/p>\t\t\t\t\t\t<\/div>\n\t\t\t\t<\/div>\n\t\t\t\t\t<\/div>\n\t\t<\/div>\n\t\t\t\t\t<\/div>\n\t\t<\/section>\n\t\t\t\t<section class=\"elementor-section elementor-inner-section elementor-element elementor-element-17cf5bf elementor-section-boxed elementor-section-height-default elementor-section-height-default qodef-elementor-content-no\" data-id=\"17cf5bf\" data-element_type=\"section\">\n\t\t\t\t\t\t<div class=\"elementor-container elementor-column-gap-default\">\n\t\t\t\t\t<div class=\"elementor-column elementor-col-50 elementor-inner-column elementor-element elementor-element-c6ae570\" data-id=\"c6ae570\" data-element_type=\"column\">\n\t\t\t<div class=\"elementor-widget-wrap elementor-element-populated\">\n\t\t\t\t\t\t<div class=\"elementor-element elementor-element-eddb687 elementor-widget elementor-widget-text-editor\" data-id=\"eddb687\" data-element_type=\"widget\" data-widget_type=\"text-editor.default\">\n\t\t\t\t<div class=\"elementor-widget-container\">\n\t\t\t\t\t\t\t<p>Hauptsaison<br \/>Nebensaison<\/p>\t\t\t\t\t\t<\/div>\n\t\t\t\t<\/div>\n\t\t\t\t\t<\/div>\n\t\t<\/div>\n\t\t\t\t<div class=\"elementor-column elementor-col-50 elementor-inner-column elementor-element elementor-element-040fa65\" data-id=\"040fa65\" data-element_type=\"column\">\n\t\t\t<div class=\"elementor-widget-wrap elementor-element-populated\">\n\t\t\t\t\t\t<div class=\"elementor-element elementor-element-21257d9 elementor-widget elementor-widget-text-editor\" data-id=\"21257d9\" data-element_type=\"widget\" data-widget_type=\"text-editor.default\">\n\t\t\t\t<div class=\"elementor-widget-container\">\n\t\t\t\t\t\t\t<p>ab 59,&#8211; EURO pro Person<br \/>ab 55,&#8211; EURO pro Person<\/p>\t\t\t\t\t\t<\/div>\n\t\t\t\t<\/div>\n\t\t\t\t\t<\/div>\n\t\t<\/div>\n\t\t\t\t\t<\/div>\n\t\t<\/section>\n\t\t\t\t<section class=\"elementor-section elementor-inner-section elementor-element elementor-element-dc4979d elementor-section-boxed elementor-section-height-default elementor-section-height-default qodef-elementor-content-no\" data-id=\"dc4979d\" data-element_type=\"section\">\n\t\t\t\t\t\t<div class=\"elementor-container elementor-column-gap-default\">\n\t\t\t\t\t<div class=\"elementor-column elementor-col-100 elementor-inner-column elementor-element elementor-element-869c164\" data-id=\"869c164\" data-element_type=\"column\">\n\t\t\t<div class=\"elementor-widget-wrap elementor-element-populated\">\n\t\t\t\t\t\t<div class=\"elementor-element elementor-element-311f6cd elementor-widget elementor-widget-heading\" data-id=\"311f6cd\" data-element_type=\"widget\" data-widget_type=\"heading.default\">\n\t\t\t\t<div class=\"elementor-widget-container\">\n\t\t\t<h4 class=\"elementor-heading-title elementor-size-default\">Einzelzimmer<\/h4>\t\t<\/div>\n\t\t\t\t<\/div>\n\t\t\t\t<div class=\"elementor-element elementor-element-339d2d0 elementor-widget elementor-widget-text-editor\" data-id=\"339d2d0\" data-element_type=\"widget\" data-widget_type=\"text-editor.default\">\n\t\t\t\t<div class=\"elementor-widget-container\">\n\t\t\t\t\t\t\t<p><span style=\"background-color: #ffffff;\">ab 4 \u00dcbernachtungen<\/span><\/p>\t\t\t\t\t\t<\/div>\n\t\t\t\t<\/div>\n\t\t\t\t\t<\/div>\n\t\t<\/div>\n\t\t\t\t\t<\/div>\n\t\t<\/section>\n\t\t\t\t<section class=\"elementor-section elementor-inner-section elementor-element elementor-element-4ae9a50 elementor-section-boxed elementor-section-height-default elementor-section-height-default qodef-elementor-content-no\" data-id=\"4ae9a50\" data-element_type=\"section\">\n\t\t\t\t\t\t<div class=\"elementor-container elementor-column-gap-default\">\n\t\t\t\t\t<div class=\"elementor-column elementor-col-50 elementor-inner-column elementor-element elementor-element-813e946\" data-id=\"813e946\" data-element_type=\"column\">\n\t\t\t<div class=\"elementor-widget-wrap elementor-element-populated\">\n\t\t\t\t\t\t<div class=\"elementor-element elementor-element-f5a8287 elementor-widget elementor-widget-text-editor\" data-id=\"f5a8287\" data-element_type=\"widget\" data-widget_type=\"text-editor.default\">\n\t\t\t\t<div class=\"elementor-widget-container\">\n\t\t\t\t\t\t\t<p>Hauptsaison<br \/>Nebensaison<\/p>\t\t\t\t\t\t<\/div>\n\t\t\t\t<\/div>\n\t\t\t\t\t<\/div>\n\t\t<\/div>\n\t\t\t\t<div class=\"elementor-column elementor-col-50 elementor-inner-column elementor-element elementor-element-f8ea6f1\" data-id=\"f8ea6f1\" data-element_type=\"column\">\n\t\t\t<div class=\"elementor-widget-wrap elementor-element-populated\">\n\t\t\t\t\t\t<div class=\"elementor-element elementor-element-b6b6277 elementor-widget elementor-widget-text-editor\" data-id=\"b6b6277\" data-element_type=\"widget\" data-widget_type=\"text-editor.default\">\n\t\t\t\t<div class=\"elementor-widget-container\">\n\t\t\t\t\t\t\t<p>ab 59,&#8211; EURO pro Person<br \/>ab 55,&#8211; EURO pro Person<\/p>\t\t\t\t\t\t<\/div>\n\t\t\t\t<\/div>\n\t\t\t\t\t<\/div>\n\t\t<\/div>\n\t\t\t\t\t<\/div>\n\t\t<\/section>\n\t\t\t\t<section class=\"elementor-section elementor-inner-section elementor-element elementor-element-ac51f15 elementor-section-boxed elementor-section-height-default elementor-section-height-default qodef-elementor-content-no\" data-id=\"ac51f15\" data-element_type=\"section\">\n\t\t\t\t\t\t<div class=\"elementor-container elementor-column-gap-default\">\n\t\t\t\t\t<div class=\"elementor-column elementor-col-100 elementor-inner-column elementor-element elementor-element-1be0d0f\" data-id=\"1be0d0f\" data-element_type=\"column\">\n\t\t\t<div class=\"elementor-widget-wrap elementor-element-populated\">\n\t\t\t\t\t\t<div class=\"elementor-element elementor-element-4f6ec5f elementor-widget elementor-widget-heading\" data-id=\"4f6ec5f\" data-element_type=\"widget\" data-widget_type=\"heading.default\">\n\t\t\t\t<div class=\"elementor-widget-container\">\n\t\t\t<h4 class=\"elementor-heading-title elementor-size-default\">Appartement (F\u00fcr 2 bis 4 Personen)<\/h4>\t\t<\/div>\n\t\t\t\t<\/div>\n\t\t\t\t<div class=\"elementor-element elementor-element-17c63c8 elementor-widget elementor-widget-text-editor\" data-id=\"17c63c8\" data-element_type=\"widget\" data-widget_type=\"text-editor.default\">\n\t\t\t\t<div class=\"elementor-widget-container\">\n\t\t\t\t\t\t\t<p><span style=\"background-color: #ffffff;\">ab 5 Personen<\/span><\/p>\t\t\t\t\t\t<\/div>\n\t\t\t\t<\/div>\n\t\t\t\t\t<\/div>\n\t\t<\/div>\n\t\t\t\t\t<\/div>\n\t\t<\/section>\n\t\t\t\t<section class=\"elementor-section elementor-inner-section elementor-element elementor-element-0a5001c elementor-section-boxed elementor-section-height-default elementor-section-height-default qodef-elementor-content-no\" data-id=\"0a5001c\" data-element_type=\"section\">\n\t\t\t\t\t\t<div class=\"elementor-container elementor-column-gap-default\">\n\t\t\t\t\t<div class=\"elementor-column elementor-col-50 elementor-inner-column elementor-element elementor-element-e94ede3\" data-id=\"e94ede3\" data-element_type=\"column\">\n\t\t\t<div class=\"elementor-widget-wrap elementor-element-populated\">\n\t\t\t\t\t\t<div class=\"elementor-element elementor-element-04ff8bc elementor-widget elementor-widget-text-editor\" data-id=\"04ff8bc\" data-element_type=\"widget\" data-widget_type=\"text-editor.default\">\n\t\t\t\t<div class=\"elementor-widget-container\">\n\t\t\t\t\t\t\t<p>Hauptsaison<br \/>Nebensaison<\/p>\t\t\t\t\t\t<\/div>\n\t\t\t\t<\/div>\n\t\t\t\t\t<\/div>\n\t\t<\/div>\n\t\t\t\t<div class=\"elementor-column elementor-col-50 elementor-inner-column elementor-element elementor-element-c3d4be5\" data-id=\"c3d4be5\" data-element_type=\"column\">\n\t\t\t<div class=\"elementor-widget-wrap elementor-element-populated\">\n\t\t\t\t\t\t<div class=\"elementor-element elementor-element-8f33349 elementor-widget elementor-widget-text-editor\" data-id=\"8f33349\" data-element_type=\"widget\" data-widget_type=\"text-editor.default\">\n\t\t\t\t<div class=\"elementor-widget-container\">\n\t\t\t\t\t\t\t<p>ab 130,&#8211; EURO pro Person<br \/>ab 120,&#8211; EURO pro Person<\/p>\t\t\t\t\t\t<\/div>\n\t\t\t\t<\/div>\n\t\t\t\t\t<\/div>\n\t\t<\/div>\n\t\t\t\t\t<\/div>\n\t\t<\/section>\n\t\t\t\t<section class=\"elementor-section elementor-inner-section elementor-element elementor-element-edd3d83 elementor-section-boxed elementor-section-height-default elementor-section-height-default qodef-elementor-content-no\" data-id=\"edd3d83\" data-element_type=\"section\">\n\t\t\t\t\t\t<div class=\"elementor-container elementor-column-gap-default\">\n\t\t\t\t\t<div class=\"elementor-column elementor-col-50 elementor-inner-column elementor-element elementor-element-33f42cf\" data-id=\"33f42cf\" data-element_type=\"column\">\n\t\t\t<div class=\"elementor-widget-wrap elementor-element-populated\">\n\t\t\t\t\t\t<div class=\"elementor-element elementor-element-a648e2f elementor-widget elementor-widget-text-editor\" data-id=\"a648e2f\" data-element_type=\"widget\" data-widget_type=\"text-editor.default\">\n\t\t\t\t<div class=\"elementor-widget-container\">\n\t\t\t\t\t\t\t<p>Unser G\u00e4stehaus ist von Mitte M\u00e4rz bis Mitte Oktober ge\u00f6ffnet. Die Hauptsaison gilt von Mitte Mai bis Mitte September.\u00a0<\/p><p>\u00a0<\/p><p>Unser G\u00e4stehaus ist racuhfrei. Wir bitten um ihr Verst\u00e4ndnis, dass Rauchen auf den Zimmern, Balkonen sowie im ganzen Haus nicht gestattet ist. Im Interesse anderer G\u00e4ste k\u00f6nnen wir keine Haustiere aufnehmen.\u00a0<\/p>\t\t\t\t\t\t<\/div>\n\t\t\t\t<\/div>\n\t\t\t\t\t<\/div>\n\t\t<\/div>\n\t\t\t\t<div class=\"elementor-column elementor-col-50 elementor-inner-column elementor-element elementor-element-49d9b9b\" data-id=\"49d9b9b\" data-element_type=\"column\">\n\t\t\t<div class=\"elementor-widget-wrap elementor-element-populated\">\n\t\t\t\t\t\t<div class=\"elementor-element elementor-element-53103b7 elementor-widget elementor-widget-text-editor\" data-id=\"53103b7\" data-element_type=\"widget\" data-widget_type=\"text-editor.default\">\n\t\t\t\t<div class=\"elementor-widget-container\">\n\t\t\t\t\t\t\t<p>F\u00fcr alle F\u00e4lle:\u00a0<\/p><p>\u00a0<\/p><p>Wenn Sie wegen unvorhersehbaren Ereignissen Ihre gebuchte Reise nicht antreten k\u00f6nnen oder frpher beenden m\u00fcssen, dann sch\u00fctzt Sie die Reise-R\u00fccktrittskosten-Versicherung von den finanziellen Folgen. Die Versicherung, die Ihnen R\u00fccktrittskosten ersetzt, kann innerhalb von 14 Tagen vor Reisebeginn am Buchungstag abgeschlossen werden. Buchen Sie ohne Risiko! Weitere Informationen auch unter <a href=\"http:\/\/www.reiseverischerung.de\">www.reiseversicherung.de<\/a>.<\/p>\t\t\t\t\t\t<\/div>\n\t\t\t\t<\/div>\n\t\t\t\t\t<\/div>\n\t\t<\/div>\n\t\t\t\t\t<\/div>\n\t\t<\/section>\n\t\t\t\t<section class=\"elementor-section elementor-inner-section elementor-element elementor-element-a77746e elementor-section-boxed elementor-section-height-default elementor-section-height-default qodef-elementor-content-no\" data-id=\"a77746e\" data-element_type=\"section\">\n\t\t\t\t\t\t<div class=\"elementor-container elementor-column-gap-default\">\n\t\t\t\t\t<div class=\"elementor-column elementor-col-100 elementor-inner-column elementor-element elementor-element-1b06982\" data-id=\"1b06982\" data-element_type=\"column\">\n\t\t\t<div class=\"elementor-widget-wrap elementor-element-populated\">\n\t\t\t\t\t\t<div class=\"elementor-element elementor-element-f88df12 elementor-widget elementor-widget-text-editor\" data-id=\"f88df12\" data-element_type=\"widget\" data-widget_type=\"text-editor.default\">\n\t\t\t\t<div class=\"elementor-widget-container\">\n\t\t\t\t\t\t\t<p>Alle Zimmerpreisangaben je Tag inklusive Fr\u00fchst\u00fcck zzgl. Kurtaxe.<br>F\u00fcr Messeg\u00e4ste Preise auf Anfrage.<br>*) Zus\u00e4tzliches Fr\u00fchst\u00fcck f\u00fcr Appartement auf Anfrage m\u00f6glich.<\/p>\t\t\t\t\t\t<\/div>\n\t\t\t\t<\/div>\n\t\t\t\t\t<\/div>\n\t\t<\/div>\n\t\t\t\t\t<\/div>\n\t\t<\/section>\n\t\t\t\t\t<\/div>\n\t\t<\/div>\n\t\t\t\t\t<\/div>\n\t\t<\/section>\n\t\t\t\t<\/div>\n\t\t","protected":false},"excerpt":{"rendered":"<p>Seesicht Doppelzimmer (2 Personen) ab 4 \u00dcbernachtungen HauptsaisonNebensaison ab 65,&#8211; EURO pro Personab 59,&#8211; EURO pro Person Standard Doppelzimmer (2 Personen) ab 4 \u00dcbernachtungen HauptsaisonNebensaison ab 59,&#8211; EURO pro Personab 55,&#8211; EURO pro Person Einzelzimmer ab 4 \u00dcbernachtungen HauptsaisonNebensaison ab 59,&#8211; EURO pro Personab 55,&#8211; EURO pro Person Appartement (F\u00fcr 2 bis 4 Personen) ab [&hellip;]<\/p>\n","protected":false},"author":1,"featured_media":0,"parent":0,"menu_order":0,"comment_status":"closed","ping_status":"closed","template":"","meta":{"_monsterinsights_skip_tracking":false,"_monsterinsights_sitenote_active":false,"_monsterinsights_sitenote_note":"","_monsterinsights_sitenote_category":0,"footnotes":""},"yoast_head":"<!-- This site is optimized with the Yoast SEO plugin v22.8 - https:\/\/yoast.com\/wordpress\/plugins\/seo\/ -->\n<title>Preise - G\u00e4stehaus Seeblick Langenargen<\/title>\n<meta name=\"robots\" content=\"index, follow, max-snippet:-1, max-image-preview:large, max-video-preview:-1\" \/>\n<link rel=\"canonical\" href=\"https:\/\/www.seeblick-langenargen.de\/index.php\/preise-buchung\/\" \/>\n<meta property=\"og:locale\" content=\"de_DE\" \/>\n<meta property=\"og:type\" content=\"article\" \/>\n<meta property=\"og:title\" content=\"Preise - G\u00e4stehaus Seeblick Langenargen\" \/>\n<meta property=\"og:description\" content=\"Seesicht Doppelzimmer (2 Personen) ab 4 \u00dcbernachtungen HauptsaisonNebensaison ab 65,&#8211; EURO pro Personab 59,&#8211; EURO pro Person Standard Doppelzimmer (2 Personen) ab 4 \u00dcbernachtungen HauptsaisonNebensaison ab 59,&#8211; EURO pro Personab 55,&#8211; EURO pro Person Einzelzimmer ab 4 \u00dcbernachtungen HauptsaisonNebensaison ab 59,&#8211; EURO pro Personab 55,&#8211; EURO pro Person Appartement (F\u00fcr 2 bis 4 Personen) ab [&hellip;]\" \/>\n<meta property=\"og:url\" content=\"https:\/\/www.seeblick-langenargen.de\/index.php\/preise-buchung\/\" \/>\n<meta property=\"og:site_name\" content=\"G\u00e4stehaus Seeblick Langenargen\" \/>\n<meta property=\"article:modified_time\" content=\"2021-03-16T09:26:55+00:00\" \/>\n<meta name=\"twitter:card\" content=\"summary_large_image\" \/>\n<meta name=\"twitter:label1\" content=\"Gesch\u00e4tzte Lesezeit\" \/>\n\t<meta name=\"twitter:data1\" content=\"1 Minute\" \/>\n<script type=\"application\/ld+json\" class=\"yoast-schema-graph\">{\"@context\":\"https:\/\/schema.org\",\"@graph\":[{\"@type\":\"WebPage\",\"@id\":\"https:\/\/www.seeblick-langenargen.de\/index.php\/preise-buchung\/\",\"url\":\"https:\/\/www.seeblick-langenargen.de\/index.php\/preise-buchung\/\",\"name\":\"Preise - G\u00e4stehaus Seeblick Langenargen\",\"isPartOf\":{\"@id\":\"https:\/\/www.seeblick-langenargen.de\/#website\"},\"datePublished\":\"2021-03-01T16:55:03+00:00\",\"dateModified\":\"2021-03-16T09:26:55+00:00\",\"breadcrumb\":{\"@id\":\"https:\/\/www.seeblick-langenargen.de\/index.php\/preise-buchung\/#breadcrumb\"},\"inLanguage\":\"de-DE\",\"potentialAction\":[{\"@type\":\"ReadAction\",\"target\":[\"https:\/\/www.seeblick-langenargen.de\/index.php\/preise-buchung\/\"]}]},{\"@type\":\"BreadcrumbList\",\"@id\":\"https:\/\/www.seeblick-langenargen.de\/index.php\/preise-buchung\/#breadcrumb\",\"itemListElement\":[{\"@type\":\"ListItem\",\"position\":1,\"name\":\"Startseite\",\"item\":\"https:\/\/www.seeblick-langenargen.de\/\"},{\"@type\":\"ListItem\",\"position\":2,\"name\":\"Preise\"}]},{\"@type\":\"WebSite\",\"@id\":\"https:\/\/www.seeblick-langenargen.de\/#website\",\"url\":\"https:\/\/www.seeblick-langenargen.de\/\",\"name\":\"G\u00e4stehaus Seeblick Langenargen\",\"description\":\"G\u00e4stehaus in Langenargen am Bodensee\",\"publisher\":{\"@id\":\"https:\/\/www.seeblick-langenargen.de\/#organization\"},\"potentialAction\":[{\"@type\":\"SearchAction\",\"target\":{\"@type\":\"EntryPoint\",\"urlTemplate\":\"https:\/\/www.seeblick-langenargen.de\/?s={search_term_string}\"},\"query-input\":\"required name=search_term_string\"}],\"inLanguage\":\"de-DE\"},{\"@type\":\"Organization\",\"@id\":\"https:\/\/www.seeblick-langenargen.de\/#organization\",\"name\":\"G\u00e4stehaus Seeblick\",\"url\":\"https:\/\/www.seeblick-langenargen.de\/\",\"logo\":{\"@type\":\"ImageObject\",\"inLanguage\":\"de-DE\",\"@id\":\"https:\/\/www.seeblick-langenargen.de\/#\/schema\/logo\/image\/\",\"url\":\"https:\/\/www.seeblick-langenargen.de\/wp-content\/uploads\/2021\/03\/474567efc6584080504dbd6a954a21e6.jpg\",\"contentUrl\":\"https:\/\/www.seeblick-langenargen.de\/wp-content\/uploads\/2021\/03\/474567efc6584080504dbd6a954a21e6.jpg\",\"width\":688,\"height\":422,\"caption\":\"G\u00e4stehaus Seeblick\"},\"image\":{\"@id\":\"https:\/\/www.seeblick-langenargen.de\/#\/schema\/logo\/image\/\"}}]}<\/script>\n<!-- \/ Yoast SEO plugin. -->","yoast_head_json":{"title":"Preise - G\u00e4stehaus Seeblick Langenargen","robots":{"index":"index","follow":"follow","max-snippet":"max-snippet:-1","max-image-preview":"max-image-preview:large","max-video-preview":"max-video-preview:-1"},"canonical":"https:\/\/www.seeblick-langenargen.de\/index.php\/preise-buchung\/","og_locale":"de_DE","og_type":"article","og_title":"Preise - G\u00e4stehaus Seeblick Langenargen","og_description":"Seesicht Doppelzimmer (2 Personen) ab 4 \u00dcbernachtungen HauptsaisonNebensaison ab 65,&#8211; EURO pro Personab 59,&#8211; EURO pro Person Standard Doppelzimmer (2 Personen) ab 4 \u00dcbernachtungen HauptsaisonNebensaison ab 59,&#8211; EURO pro Personab 55,&#8211; EURO pro Person Einzelzimmer ab 4 \u00dcbernachtungen HauptsaisonNebensaison ab 59,&#8211; EURO pro Personab 55,&#8211; EURO pro Person Appartement (F\u00fcr 2 bis 4 Personen) ab [&hellip;]","og_url":"https:\/\/www.seeblick-langenargen.de\/index.php\/preise-buchung\/","og_site_name":"G\u00e4stehaus Seeblick Langenargen","article_modified_time":"2021-03-16T09:26:55+00:00","twitter_card":"summary_large_image","twitter_misc":{"Gesch\u00e4tzte Lesezeit":"1 Minute"},"schema":{"@context":"https:\/\/schema.org","@graph":[{"@type":"WebPage","@id":"https:\/\/www.seeblick-langenargen.de\/index.php\/preise-buchung\/","url":"https:\/\/www.seeblick-langenargen.de\/index.php\/preise-buchung\/","name":"Preise - G\u00e4stehaus Seeblick Langenargen","isPartOf":{"@id":"https:\/\/www.seeblick-langenargen.de\/#website"},"datePublished":"2021-03-01T16:55:03+00:00","dateModified":"2021-03-16T09:26:55+00:00","breadcrumb":{"@id":"https:\/\/www.seeblick-langenargen.de\/index.php\/preise-buchung\/#breadcrumb"},"inLanguage":"de-DE","potentialAction":[{"@type":"ReadAction","target":["https:\/\/www.seeblick-langenargen.de\/index.php\/preise-buchung\/"]}]},{"@type":"BreadcrumbList","@id":"https:\/\/www.seeblick-langenargen.de\/index.php\/preise-buchung\/#breadcrumb","itemListElement":[{"@type":"ListItem","position":1,"name":"Startseite","item":"https:\/\/www.seeblick-langenargen.de\/"},{"@type":"ListItem","position":2,"name":"Preise"}]},{"@type":"WebSite","@id":"https:\/\/www.seeblick-langenargen.de\/#website","url":"https:\/\/www.seeblick-langenargen.de\/","name":"G\u00e4stehaus Seeblick Langenargen","description":"G\u00e4stehaus in Langenargen am Bodensee","publisher":{"@id":"https:\/\/www.seeblick-langenargen.de\/#organization"},"potentialAction":[{"@type":"SearchAction","target":{"@type":"EntryPoint","urlTemplate":"https:\/\/www.seeblick-langenargen.de\/?s={search_term_string}"},"query-input":"required name=search_term_string"}],"inLanguage":"de-DE"},{"@type":"Organization","@id":"https:\/\/www.seeblick-langenargen.de\/#organization","name":"G\u00e4stehaus Seeblick","url":"https:\/\/www.seeblick-langenargen.de\/","logo":{"@type":"ImageObject","inLanguage":"de-DE","@id":"https:\/\/www.seeblick-langenargen.de\/#\/schema\/logo\/image\/","url":"https:\/\/www.seeblick-langenargen.de\/wp-content\/uploads\/2021\/03\/474567efc6584080504dbd6a954a21e6.jpg","contentUrl":"https:\/\/www.seeblick-langenargen.de\/wp-content\/uploads\/2021\/03\/474567efc6584080504dbd6a954a21e6.jpg","width":688,"height":422,"caption":"G\u00e4stehaus Seeblick"},"image":{"@id":"https:\/\/www.seeblick-langenargen.de\/#\/schema\/logo\/image\/"}}]}},"_links":{"self":[{"href":"https:\/\/www.seeblick-langenargen.de\/index.php\/wp-json\/wp\/v2\/pages\/31"}],"collection":[{"href":"https:\/\/www.seeblick-langenargen.de\/index.php\/wp-json\/wp\/v2\/pages"}],"about":[{"href":"https:\/\/www.seeblick-langenargen.de\/index.php\/wp-json\/wp\/v2\/types\/page"}],"author":[{"embeddable":true,"href":"https:\/\/www.seeblick-langenargen.de\/index.php\/wp-json\/wp\/v2\/users\/1"}],"replies":[{"embeddable":true,"href":"https:\/\/www.seeblick-langenargen.de\/index.php\/wp-json\/wp\/v2\/comments?post=31"}],"version-history":[{"count":17,"href":"https:\/\/www.seeblick-langenargen.de\/index.php\/wp-json\/wp\/v2\/pages\/31\/revisions"}],"predecessor-version":[{"id":4755,"href":"https:\/\/www.seeblick-langenargen.de\/index.php\/wp-json\/wp\/v2\/pages\/31\/revisions\/4755"}],"wp:attachment":[{"href":"https:\/\/www.seeblick-langenargen.de\/index.php\/wp-json\/wp\/v2\/media?parent=31"}],"curies":[{"name":"wp","href":"https:\/\/api.w.org\/{rel}","templated":true}]}}